{"id":65,"date":"2025-12-11T12:23:14","date_gmt":"2025-12-11T17:23:14","guid":{"rendered":"https:\/\/entraide-et-handicap.projet.usherbrooke.ca\/?page_id=65"},"modified":"2026-01-13T16:15:04","modified_gmt":"2026-01-13T21:15:04","slug":"page-accueil","status":"publish","type":"page","link":"https:\/\/entraide-et-handicap.projet.usherbrooke.ca\/","title":{"rendered":"Communaut\u00e9s d&rsquo;entraide et situations de handicap"},"content":{"rendered":"\n<p>Ensemble, cr\u00e9ons des ressources pour les organismes et les personnes int\u00e9ress\u00e9s \u00e0 l&rsquo;entraide avec des personnes en situation de handicap<\/p>\n\n\n\n<div class=\"wp-block-buttons alignwide has-custom-font-size has-medium-font-size is-content-justification-center is-layout-flex wp-container-core-buttons-is-layout-c124d1c4 wp-block-buttons-is-layout-flex\" style=\"border-top-left-radius:0px;border-top-right-radius:0px;border-bottom-left-radius:0px;border-bottom-right-radius:0px\">\n<div class=\"wp-block-button\"><a class=\"wp-block-button__link wp-element-button\" href=\"https:\/\/entraide-et-handicap.projet.usherbrooke.ca\/?page_id=48&amp;preview=true\">Coffre \u00e0 Outils<\/a><\/div>\n\n\n\n<div class=\"wp-block-button\"><a class=\"wp-block-button__link wp-element-button\" href=\"https:\/\/entraide-et-handicap.projet.usherbrooke.ca\/?page_id=54&amp;preview=true\">Organismes partenaires<\/a><\/div>\n<\/div>\n\n\n\n<figure class=\"wp-block-image size-large\"><img loading=\"lazy\" decoding=\"async\" width=\"1024\" height=\"559\" src=\"https:\/\/entraide-et-handicap.projet.usherbrooke.ca\/wp-content\/uploads\/2025\/11\/groupe-PSH-1024x559.jpg\" alt=\"\" class=\"wp-image-16\" srcset=\"https:\/\/entraide-et-handicap.projet.usherbrooke.ca\/wp-content\/uploads\/2025\/11\/groupe-PSH-1024x559.jpg 1024w, https:\/\/entraide-et-handicap.projet.usherbrooke.ca\/wp-content\/uploads\/2025\/11\/groupe-PSH-300x164.jpg 300w, https:\/\/entraide-et-handicap.projet.usherbrooke.ca\/wp-content\/uploads\/2025\/11\/groupe-PSH-768x420.jpg 768w, https:\/\/entraide-et-handicap.projet.usherbrooke.ca\/wp-content\/uploads\/2025\/11\/groupe-PSH.jpg 1536w\" sizes=\"auto, (max-width: 1024px) 100vw, 1024px\" \/><\/figure>\n\n\n\n<p><strong>Ce site a \u00e9t\u00e9 cr\u00e9\u00e9 dans le cadre du projet \u2018Des Accorderies ancr\u00e9es dans leur territoire afin d\u2019agir sur l\u2019entraide, le soutien et l\u2019empowerment des personnes en situation de handicap.<\/strong>&lsquo;<\/p>\n\n\n\n<h2 class=\"wp-block-heading has-text-align-center\"><strong>Pr\u00e9sentation du projet<\/strong><\/h2>\n\n\n\n<figure class=\"wp-block-video\"><video height=\"480\" style=\"aspect-ratio: 852 \/ 480;\" width=\"852\" controls src=\"https:\/\/entraide-et-handicap.projet.usherbrooke.ca\/wp-content\/uploads\/2026\/01\/Communautes-dentraide-basse-resolution.mp4\"><\/video><\/figure>\n\n\n\n<h2 class=\"wp-block-heading\"><strong>Objectif principal<\/strong><\/h2>\n\n\n\n<div class=\"wp-block-media-text is-stacked-on-mobile\" style=\"grid-template-columns:42% auto\"><figure class=\"wp-block-media-text__media\"><img loading=\"lazy\" decoding=\"async\" width=\"683\" height=\"1024\" src=\"https:\/\/entraide-et-handicap.projet.usherbrooke.ca\/wp-content\/uploads\/2025\/12\/entraide-lac-1-683x1024.png\" alt=\"\" class=\"wp-image-41 size-full\"\/><\/figure><div class=\"wp-block-media-text__content\">\n<p>Permettre aux gestionnaires et aux intervenants d\u2019organismes communautaires, dans le cadre du d\u00e9veloppement d\u2019outils de transfert de connaissances, de mettre en \u0153uvre au sein de leur organisme respectif des \u00e9changes de services rejoignant des personnes en situation de handicap et prenant appui sur des r\u00e9seaux de solidarit\u00e9 anim\u00e9s par le soutien d\u2019Accorderies.<\/p>\n<\/div><\/div>\n\n\n\n<h2 class=\"wp-block-heading\" id=\"block-b551ffb0-df78-4144-8c38-b799d5861c35\"><strong>Question de recherche<\/strong><\/h2>\n\n\n\n<p id=\"block-bffb4f5d-02b8-4521-a8db-4148c96ef589\">Comment et dans quel contexte les m\u00e9canismes de maillage mis en place par deux (2) Accorderies au sein de leurs territoires d\u2019intervention en vue de favoriser l\u2019entraide et l\u2019empowerment des personnes en situation de handicap et des citoyens \u2013 membres produit des effets sur la r\u00e9duction des vuln\u00e9rabilit\u00e9s et des in\u00e9galit\u00e9s sociales de sant\u00e9?<\/p>\n\n\n\n<h2 class=\"wp-block-heading\" id=\"block-da9a897d-0775-4204-8882-68090c2b511b\"><strong>Objectifs secondaires<\/strong><\/h2>\n\n\n\n<p id=\"block-8ec7c545-baf0-4ba3-aa85-14815ec2a19a\">a)&nbsp;Comprendre les m\u00e9canismes par lesquels les Accorderies produisent leurs effets en fonction de leurs diff\u00e9rents contextes;<\/p>\n\n\n\n<p id=\"block-d305cd87-a92d-4bba-8895-b0e79782904b\">b) Circonscrire les sp\u00e9cificit\u00e9s des \u00e9changes et des solidarit\u00e9s cr\u00e9\u00e9es lorsqu\u2019il s\u2019agit de personnes en situation de handicap;<\/p>\n\n\n\n<p id=\"block-21d07d70-88f4-4fe9-8b24-6bcbc4b4ec8d\">c) D\u00e9velopper des outils permettant la diffusion et l\u2019appropriation des pratiques document\u00e9es \u00e0 divers milieux preneurs.<\/p>\n\n\n\n<h2 class=\"wp-block-heading\" id=\"block-67a125af-66e4-402e-97f8-7265f97a3649\"><strong>\u00c9quipe de recherche<\/strong><\/h2>\n\n\n\n<h3 class=\"wp-block-heading\" id=\"block-1b9a8631-499f-4867-8e0b-2a1e9dbcd379\"><strong>Chercheur principal&nbsp;&nbsp;&nbsp;<\/strong><\/h3>\n\n\n\n<p id=\"block-bc2bbd1a-5ea9-48a5-8ac6-af593af6fbad\">Paul Morin, Ph.D &#8211; \u00c9cole de travail social, Universit\u00e9 de Sherbrooke<\/p>\n\n\n\n<h3 class=\"wp-block-heading\" id=\"block-5d18211f-e8f3-4315-8f7e-768371d2d9a1\"><strong>Coordonnatrice de recherche<\/strong><\/h3>\n\n\n\n<p id=\"block-d5655254-d9e2-440c-95ef-048f74312813\">&nbsp;Kattie Lussier, Ph.D &#8211; \u00c9cole de travail social, Universit\u00e9 de Sherbrooke<\/p>\n\n\n\n<p>Contact: <a href=\"mailto:kattie.lussier@usherbrooke.ca\">kattie.lussier@usherbrooke.ca<\/a><\/p>\n\n\n\n<h3 class=\"wp-block-heading\" id=\"block-e4db7731-c1b6-4655-8533-c16cb97af873\"><strong>Autres chercheurs&nbsp;&nbsp;&nbsp;<\/strong>&nbsp;&nbsp;&nbsp;&nbsp;&nbsp;&nbsp;&nbsp;&nbsp;&nbsp;&nbsp;&nbsp;&nbsp;&nbsp;&nbsp;&nbsp;&nbsp;&nbsp;<\/h3>\n\n\n\n<p id=\"block-eb3ccc4c-d083-47c5-bd3e-760c07a0fbe1\">M\u00e9lanie Bourque, Ph.D &#8211; \u00c9cole de travail social, Universit\u00e9 de Sherbrooke<\/p>\n\n\n\n<p id=\"block-eb995beb-db37-429a-a435-42c76cfefd7b\">M\u00e9lanie Levasseur, Ph.D &#8211; \u00c9cole de r\u00e9adaptation, Universit\u00e9 de Sherbrooke<\/p>\n\n\n\n<p id=\"block-dacbf839-c03e-48f5-af1b-9ea273dc15f9\">Serigne Touba Mback\u00e9 Gueye, Ph.D &#8211; \u00c9cole de travail social, UQAT<\/p>\n\n\n\n<h2 class=\"wp-block-heading\" id=\"block-9c3506df-ec1f-49d9-8014-292776af2d13\"><strong>Financement<\/strong><\/h2>\n\n\n\n<p class=\"has-text-align-left\">Ce projet est financ\u00e9 par le programme de soutien aux organismes de recherche et d&rsquo;innovation &#8211; Minist\u00e8re de l\u2019\u00c9conomie, Innovation et \u00c9nergie<\/p>\n\n\n\n<p><\/p>\n","protected":false},"excerpt":{"rendered":"<p>Ensemble, cr\u00e9ons des ressources pour les organismes et les personnes int\u00e9ress\u00e9s \u00e0 l&rsquo;entraide avec des personnes en situation de handicap Ce site a \u00e9t\u00e9 cr\u00e9\u00e9 dans le cadre du projet \u2018Des Accorderies ancr\u00e9es dans leur territoire afin d\u2019agir sur l\u2019entraide, le soutien et l\u2019empowerment des personnes en situation de handicap.&lsquo; Pr\u00e9sentation du projet Objectif principal [&hellip;]<\/p>\n","protected":false},"author":2,"featured_media":0,"parent":0,"menu_order":0,"comment_status":"closed","ping_status":"closed","template":"","meta":{"footnotes":""},"class_list":["post-65","page","type-page","status-publish","hentry"],"_links":{"self":[{"href":"https:\/\/entraide-et-handicap.projet.usherbrooke.ca\/index.php?rest_route=\/wp\/v2\/pages\/65","targetHints":{"allow":["GET"]}}],"collection":[{"href":"https:\/\/entraide-et-handicap.projet.usherbrooke.ca\/index.php?rest_route=\/wp\/v2\/pages"}],"about":[{"href":"https:\/\/entraide-et-handicap.projet.usherbrooke.ca\/index.php?rest_route=\/wp\/v2\/types\/page"}],"author":[{"embeddable":true,"href":"https:\/\/entraide-et-handicap.projet.usherbrooke.ca\/index.php?rest_route=\/wp\/v2\/users\/2"}],"replies":[{"embeddable":true,"href":"https:\/\/entraide-et-handicap.projet.usherbrooke.ca\/index.php?rest_route=%2Fwp%2Fv2%2Fcomments&post=65"}],"version-history":[{"count":22,"href":"https:\/\/entraide-et-handicap.projet.usherbrooke.ca\/index.php?rest_route=\/wp\/v2\/pages\/65\/revisions"}],"predecessor-version":[{"id":146,"href":"https:\/\/entraide-et-handicap.projet.usherbrooke.ca\/index.php?rest_route=\/wp\/v2\/pages\/65\/revisions\/146"}],"wp:attachment":[{"href":"https:\/\/entraide-et-handicap.projet.usherbrooke.ca\/index.php?rest_route=%2Fwp%2Fv2%2Fmedia&parent=65"}],"curies":[{"name":"wp","href":"https:\/\/api.w.org\/{rel}","templated":true}]}}