{"id":48,"date":"2026-01-10T17:05:57","date_gmt":"2026-01-10T22:05:57","guid":{"rendered":"https:\/\/entraide-et-handicap.projet.usherbrooke.ca\/?page_id=48"},"modified":"2026-01-13T16:18:17","modified_gmt":"2026-01-13T21:18:17","slug":"coffre-a-outils","status":"publish","type":"page","link":"https:\/\/entraide-et-handicap.projet.usherbrooke.ca\/?page_id=48","title":{"rendered":"Coffre \u00e0 Outils"},"content":{"rendered":"\n<div class=\"wp-block-group alignfull is-layout-flow wp-container-core-group-is-layout-f9cb6abc wp-block-group-is-layout-flow\" style=\"margin-top:0;margin-bottom:0\">\n<div class=\"wp-block-group is-vertical is-content-justification-stretch is-layout-flex wp-container-core-group-is-layout-7e003bba wp-block-group-is-layout-flex\">\n<h2 class=\"wp-block-heading has-text-align-left has-x-large-font-size\"><strong>Outils sur les communaut\u00e9s d&rsquo;entraide<\/strong><\/h2>\n\n\n\n<ul class=\"wp-block-list\">\n<li><a href=\"https:\/\/baladoquebec.ca\/parlons-dentraide\">Podcast parlons d&rsquo;entraide<\/a><\/li>\n<\/ul>\n\n\n\n<p><\/p>\n\n\n\n<h2 class=\"wp-block-heading\">     <strong>Outils d\u00e9velopp\u00e9s par les organismes<\/strong><\/h2>\n<\/div>\n\n\n\n<div class=\"wp-block-media-text has-media-on-the-right is-stacked-on-mobile is-vertically-aligned-top\"><div class=\"wp-block-media-text__content\">\n<ul class=\"wp-block-list\">\n<li><strong><a href=\"https:\/\/promotionhandicapestrie.ca\/outils-et-guides\/\">Promotion Handicap Estrie<\/a><\/strong>\n<ul class=\"wp-block-list\">\n<li><a href=\"https:\/\/promotionhandicapestrie.ca\/wp-content\/uploads\/2023\/11\/Check-list-animation.pdf\">Check-list de l&rsquo;accessibilit\u00e9 pour \u00e9quipe d&rsquo;animation et d&rsquo;organisation<\/a><\/li>\n\n\n\n<li><a href=\"https:\/\/promotionhandicapestrie.ca\/wp-content\/uploads\/2024\/10\/2024-Histoire-de-sensibilisation.pdf\">Histoires de sensibilisation<\/a><\/li>\n\n\n\n<li><a href=\"https:\/\/promotionhandicapestrie.ca\/wp-content\/uploads\/2024\/09\/Co-construction-1.pdf\">Guide sur l&rsquo;inclusion et la co-construction<\/a><\/li>\n<\/ul>\n<\/li>\n<\/ul>\n<\/div><figure class=\"wp-block-media-text__media\"><img loading=\"lazy\" decoding=\"async\" width=\"567\" height=\"378\" src=\"https:\/\/entraide-et-handicap.projet.usherbrooke.ca\/wp-content\/uploads\/2026\/01\/image2.png\" alt=\"\" class=\"wp-image-109 size-full\" srcset=\"https:\/\/entraide-et-handicap.projet.usherbrooke.ca\/wp-content\/uploads\/2026\/01\/image2.png 567w, https:\/\/entraide-et-handicap.projet.usherbrooke.ca\/wp-content\/uploads\/2026\/01\/image2-300x200.png 300w\" sizes=\"auto, (max-width: 567px) 100vw, 567px\" \/><\/figure><\/div>\n<\/div>\n\n\n\n<div class=\"wp-block-buttons alignwide has-custom-font-size has-medium-font-size is-content-justification-center is-layout-flex wp-container-core-buttons-is-layout-c124d1c4 wp-block-buttons-is-layout-flex\" style=\"border-top-left-radius:0px;border-top-right-radius:0px;border-bottom-left-radius:0px;border-bottom-right-radius:0px\">\n<div class=\"wp-block-button\"><a class=\"wp-block-button__link wp-element-button\" href=\"https:\/\/entraide-et-handicap.projet.usherbrooke.ca\/?page_id=65\">Page d&rsquo;accueil<\/a><\/div>\n\n\n\n<div class=\"wp-block-button\"><a class=\"wp-block-button__link wp-element-button\" href=\"https:\/\/entraide-et-handicap.projet.usherbrooke.ca\/?page_id=54&amp;preview=true\">Organismes partenaires<\/a><\/div>\n<\/div>\n\n\n\n<p class=\"has-text-align-center\">Pour nous contacter: <a href=\"mailto:kattie.lussier@usherbrooke.ca\">kattie.lussier@usherbrooke.ca<\/a><\/p>\n\n\n\n<p><\/p>\n","protected":false},"excerpt":{"rendered":"<p>Outils sur les communaut\u00e9s d&rsquo;entraide Outils d\u00e9velopp\u00e9s par les organismes Pour nous contacter: kattie.lussier@usherbrooke.ca<\/p>\n","protected":false},"author":1,"featured_media":0,"parent":65,"menu_order":0,"comment_status":"closed","ping_status":"closed","template":"","meta":{"footnotes":""},"class_list":["post-48","page","type-page","status-publish","hentry"],"_links":{"self":[{"href":"https:\/\/entraide-et-handicap.projet.usherbrooke.ca\/index.php?rest_route=\/wp\/v2\/pages\/48","targetHints":{"allow":["GET"]}}],"collection":[{"href":"https:\/\/entraide-et-handicap.projet.usherbrooke.ca\/index.php?rest_route=\/wp\/v2\/pages"}],"about":[{"href":"https:\/\/entraide-et-handicap.projet.usherbrooke.ca\/index.php?rest_route=\/wp\/v2\/types\/page"}],"author":[{"embeddable":true,"href":"https:\/\/entraide-et-handicap.projet.usherbrooke.ca\/index.php?rest_route=\/wp\/v2\/users\/1"}],"replies":[{"embeddable":true,"href":"https:\/\/entraide-et-handicap.projet.usherbrooke.ca\/index.php?rest_route=%2Fwp%2Fv2%2Fcomments&post=48"}],"version-history":[{"count":13,"href":"https:\/\/entraide-et-handicap.projet.usherbrooke.ca\/index.php?rest_route=\/wp\/v2\/pages\/48\/revisions"}],"predecessor-version":[{"id":148,"href":"https:\/\/entraide-et-handicap.projet.usherbrooke.ca\/index.php?rest_route=\/wp\/v2\/pages\/48\/revisions\/148"}],"up":[{"embeddable":true,"href":"https:\/\/entraide-et-handicap.projet.usherbrooke.ca\/index.php?rest_route=\/wp\/v2\/pages\/65"}],"wp:attachment":[{"href":"https:\/\/entraide-et-handicap.projet.usherbrooke.ca\/index.php?rest_route=%2Fwp%2Fv2%2Fmedia&parent=48"}],"curies":[{"name":"wp","href":"https:\/\/api.w.org\/{rel}","templated":true}]}}